{"id":8,"date":"2021-01-12T19:28:10","date_gmt":"2021-01-12T18:28:10","guid":{"rendered":"http:\/\/atelier-poterie.com\/?page_id=8"},"modified":"2025-12-12T21:15:08","modified_gmt":"2025-12-12T20:15:08","slug":"cours","status":"publish","type":"page","link":"https:\/\/atelier-poterie.com\/index.php\/cours\/","title":{"rendered":"Cours"},"content":{"rendered":"<p>Les cours hebdomadaires permettent \u00e0 nos adh\u00e9rents une <strong>grande libert\u00e9 dans leur choix de projet<\/strong>.<\/p>\n<p>Quelle que soit la m\u00e9thode (tournage, modelage, travail \u00e0 la plaque etc.), <strong>notre animatrice est l\u00e0 pour vous conseiller et vous guider dans toutes les \u00e9tapes de r\u00e9alisation !<\/strong><\/p>\n<p>La reprise des cours est fix\u00e9e \u00e0 la troisi\u00e8me semaine de septembre , les cours du soir sont actuellement pleins, mais vous pouvez laisser vos coordonn\u00e9es\u00a0 pour \u00eatre inscrit en liste d&rsquo;attente.<\/p>\n<p><!--more--><\/p>\n<h1>Cours adultes<\/h1>\n<p>Cinq cours ont lieu chaque semaine \u00e0 l&rsquo;Atelier. Vous avez la possibilit\u00e9 de vous inscrire sur l&rsquo;un des cr\u00e9neaux suivants:<\/p>\n<ul>\n<li>Mardi <strong>14h &#8211; 17h<\/strong> et <strong>18h &#8211; 21h<\/strong><strong><br \/>\n<\/strong><\/li>\n<li>Mercredi <strong>18h &#8211; 21h<\/strong><\/li>\n<li>Jeudi <strong>14h &#8211; 17h\u00a0<\/strong>ou <strong>18h &#8211; 21h<\/strong><\/li>\n<li>Vendredi\u00a0<strong>18h &#8211; 21h<\/strong><\/li>\n<\/ul>\n<p>Tarif : 40<strong>0\u20ac \/ an<\/strong> (hors r\u00e9alisations). Possibilit\u00e9 de r\u00e9gler en trois fois. L&rsquo;inscription est valable \u00e0 l&rsquo;ann\u00e9e (de mi-septembre \u00e0 fin juin de l&rsquo;ann\u00e9e en cours).<\/p>\n<p>Les places sont limit\u00e9es \u00e0 <strong>dix personnes par cours<\/strong>.<\/p>\n<h1><\/h1>\n<h1>Cours enfants<\/h1>\n<p>Le cours enfants \u00e0 lieu chaque semaine, le mercredi de <strong>14h \u00e0 15h30<\/strong>. Il est ouvert \u00e0 tous les enfants <strong>\u00e0 partir de 6 ans<\/strong>.<\/p>\n<p>Tarif : <strong>180\u20ac \/ an<\/strong> (r\u00e9alisations comprises).\u00a0Possibilit\u00e9 de r\u00e9gler en trois fois.\u00a0L&rsquo;inscription est valable \u00e0 l&rsquo;ann\u00e9e (de d\u00e9but septembre \u00e0 fin juin de l&rsquo;ann\u00e9e en cours).<\/p>\n<p>Les places sont limit\u00e9es \u00e0 <strong>dix enfants par cours<\/strong>.<\/p>\n<h1><\/h1>\n<h1>Go\u00fbters d&rsquo;anniversaire<\/h1>\n<p>Notre atelier organise des go\u00fbters d&rsquo;anniversaire sur demande. Une animation de poterie de 1h30 au sein de l&rsquo;atelier suivi d&rsquo;un go\u00fbter.<\/p>\n<p>Tarif: <strong>15\u20ac\/ enfant<\/strong>, r\u00e9alisations et cuissons comprises. Les g\u00e2teaux et les boissons ne sont pas fournis.<\/p>\n<p>Animation pour un minimum de 5 enfants et un maximum de <strong>dix enfants<\/strong>.<\/p>\n<hr \/>\n<p><strong>Pour participer aux activit\u00e9s organis\u00e9es par l&rsquo;Atelier de Poterie, vous devez adh\u00e9rer \u00e0 notre association.<\/strong> L&rsquo;adh\u00e9sion annuelle est de 12\u20ac (valable de janvier \u00e0 janvier). Le formulaire se compl\u00e8te directement sur place.<\/p>\n","protected":false},"excerpt":{"rendered":"<p>Les cours hebdomadaires permettent \u00e0 nos adh\u00e9rents une grande libert\u00e9 dans leur choix de projet. Quelle que soit la m\u00e9thode (tournage, modelage, travail \u00e0 la plaque etc.), notre animatrice est l\u00e0 pour vous conseiller et vous guider dans toutes les \u00e9tapes de r\u00e9alisation ! La reprise des cours est fix\u00e9e \u00e0 la troisi\u00e8me semaine de &hellip; <a href=\"https:\/\/atelier-poterie.com\/index.php\/cours\/\" class=\"more-link\">Continuer la lecture de <span class=\"screen-reader-text\">Cours<\/span><\/a><\/p>\n","protected":false},"author":1,"featured_media":17,"parent":0,"menu_order":0,"comment_status":"closed","ping_status":"closed","template":"","meta":{"footnotes":""},"class_list":["post-8","page","type-page","status-publish","has-post-thumbnail","hentry"],"jetpack_sharing_enabled":true,"_links":{"self":[{"href":"https:\/\/atelier-poterie.com\/index.php\/wp-json\/wp\/v2\/pages\/8","targetHints":{"allow":["GET"]}}],"collection":[{"href":"https:\/\/atelier-poterie.com\/index.php\/wp-json\/wp\/v2\/pages"}],"about":[{"href":"https:\/\/atelier-poterie.com\/index.php\/wp-json\/wp\/v2\/types\/page"}],"author":[{"embeddable":true,"href":"https:\/\/atelier-poterie.com\/index.php\/wp-json\/wp\/v2\/users\/1"}],"replies":[{"embeddable":true,"href":"https:\/\/atelier-poterie.com\/index.php\/wp-json\/wp\/v2\/comments?post=8"}],"version-history":[{"count":8,"href":"https:\/\/atelier-poterie.com\/index.php\/wp-json\/wp\/v2\/pages\/8\/revisions"}],"predecessor-version":[{"id":233,"href":"https:\/\/atelier-poterie.com\/index.php\/wp-json\/wp\/v2\/pages\/8\/revisions\/233"}],"wp:featuredmedia":[{"embeddable":true,"href":"https:\/\/atelier-poterie.com\/index.php\/wp-json\/wp\/v2\/media\/17"}],"wp:attachment":[{"href":"https:\/\/atelier-poterie.com\/index.php\/wp-json\/wp\/v2\/media?parent=8"}],"curies":[{"name":"wp","href":"https:\/\/api.w.org\/{rel}","templated":true}]}}