{"id":36,"date":"2021-01-12T20:09:21","date_gmt":"2021-01-12T19:09:21","guid":{"rendered":"http:\/\/atelier-poterie.com\/?page_id=36"},"modified":"2023-09-02T18:32:19","modified_gmt":"2023-09-02T16:32:19","slug":"home","status":"publish","type":"page","link":"https:\/\/atelier-poterie.com\/","title":{"rendered":""},"content":{"rendered":"\n<p>Depuis maintenant plus de 40 ans, notre Atelier de Poterie accueille curieux et passionn\u00e9s de la terre pour transmettre ce savoir-faire ancestral. Tournage, modelage, \u00e9maillage, cuisson, autant d&rsquo;\u00e9tapes pour transformer la mati\u00e8re en une belle pi\u00e8ce de c\u00e9ramique !<\/p>\n\n\n\n<p>N&rsquo;h\u00e9sitez pas \u00e0 jeter un coup d\u2019\u0153il \u00e0 nos<a href=\"https:\/\/atelier-poterie.com\/index.php\/cours\/\"> cours hebdomadaires<\/a>, nos <a href=\"https:\/\/atelier-poterie.com\/index.php\/stages\/\">stages ponctuels<\/a> et <a href=\"https:\/\/atelier-poterie.com\/index.php\/contact\/\">contactez-nous<\/a> pour plus de renseignements.<\/p>\n\n\n\n<p>Notre atelier a d\u00e9m\u00e9nag\u00e9 en septembre 2018, de Bertangles \u00e0 Villers-Bocage.<\/p>\n\n\n\n<div class=\"wp-block-columns is-layout-flex wp-container-core-columns-is-layout-9d6595d7 wp-block-columns-is-layout-flex\">\n<div class=\"wp-block-column is-layout-flow wp-block-column-is-layout-flow\">\n<figure class=\"wp-block-image size-large\"><img loading=\"lazy\" decoding=\"async\" width=\"1024\" height=\"501\" src=\"http:\/\/atelier-poterie.com\/wp-content\/uploads\/2021\/01\/image4079-1-1024x501.png\" alt=\"\" class=\"wp-image-17\" srcset=\"https:\/\/atelier-poterie.com\/wp-content\/uploads\/2021\/01\/image4079-1-1024x501.png 1024w, https:\/\/atelier-poterie.com\/wp-content\/uploads\/2021\/01\/image4079-1-300x147.png 300w, https:\/\/atelier-poterie.com\/wp-content\/uploads\/2021\/01\/image4079-1-150x73.png 150w, https:\/\/atelier-poterie.com\/wp-content\/uploads\/2021\/01\/image4079-1-768x375.png 768w, https:\/\/atelier-poterie.com\/wp-content\/uploads\/2021\/01\/image4079-1-1536x751.png 1536w, https:\/\/atelier-poterie.com\/wp-content\/uploads\/2021\/01\/image4079-1-2048x1001.png 2048w, https:\/\/atelier-poterie.com\/wp-content\/uploads\/2021\/01\/image4079-1-648x317.png 648w, https:\/\/atelier-poterie.com\/wp-content\/uploads\/2021\/01\/image4079-1-393x192.png 393w\" sizes=\"auto, (max-width: 1024px) 100vw, 1024px\" \/><\/figure>\n\n\n\n<p><a href=\"http:\/\/atelier-poterie.com\/index.php\/cours\/\" data-type=\"page\" data-id=\"8\">COURS<\/a><\/p>\n\n\n\n<p>Les cours hebdomadaires permettent \u00e0 nos adh\u00e9rents une grande libert\u00e9 dans leur choix de projet. Quelle que soit la m\u00e9thode (tournage, modelage, travail \u00e0 la plaque etc.), notre animatrice est l\u00e0 pour vous conseiller et vous guider dans toutes les \u00e9tapes de r\u00e9alisation ! Les cours ont repris depuis le 15 septembre 2020 , mais\u2026<\/p>\n\n\n\n<p><a href=\"http:\/\/atelier-poterie.com\/index.php\/cours\/\" data-type=\"page\" data-id=\"8\">LIRE LA SUITE<\/a><\/p>\n<\/div>\n\n\n\n<div class=\"wp-block-column is-layout-flow wp-block-column-is-layout-flow\">\n<figure class=\"wp-block-image size-large\"><img loading=\"lazy\" decoding=\"async\" width=\"1024\" height=\"501\" src=\"http:\/\/atelier-poterie.com\/wp-content\/uploads\/2021\/01\/11-1024x501.png\" alt=\"\" class=\"wp-image-31\" srcset=\"https:\/\/atelier-poterie.com\/wp-content\/uploads\/2021\/01\/11-1024x501.png 1024w, https:\/\/atelier-poterie.com\/wp-content\/uploads\/2021\/01\/11-300x147.png 300w, https:\/\/atelier-poterie.com\/wp-content\/uploads\/2021\/01\/11-150x73.png 150w, https:\/\/atelier-poterie.com\/wp-content\/uploads\/2021\/01\/11-768x375.png 768w, https:\/\/atelier-poterie.com\/wp-content\/uploads\/2021\/01\/11-1536x751.png 1536w, https:\/\/atelier-poterie.com\/wp-content\/uploads\/2021\/01\/11-2048x1001.png 2048w, https:\/\/atelier-poterie.com\/wp-content\/uploads\/2021\/01\/11-648x317.png 648w, https:\/\/atelier-poterie.com\/wp-content\/uploads\/2021\/01\/11-393x192.png 393w\" sizes=\"auto, (max-width: 1024px) 100vw, 1024px\" \/><\/figure>\n\n\n\n<p><a href=\"http:\/\/atelier-poterie.com\/index.php\/stages\/\" data-type=\"page\" data-id=\"29\" target=\"_blank\" rel=\"noreferrer noopener\">STAGES<\/a><\/p>\n\n\n\n<p>Plusieurs stages sont organis\u00e9s tout au long de l\u2019ann\u00e9e: tournage, modelage, stages d\u00e9couverte parents-enfants, cuisson raku etc. Le temps d\u2019un weekend, ou sur une journ\u00e9e, venez d\u00e9couvrir le travail de la terre, approfondir vos connaissances ou exp\u00e9rimenter de nouvelles techniques !<\/p>\n\n\n\n<p><a href=\"http:\/\/atelier-poterie.com\/index.php\/stages\/\" data-type=\"page\" data-id=\"29\">LIRE LA SUITE<\/a><\/p>\n<\/div>\n\n\n\n<div class=\"wp-block-column is-layout-flow wp-block-column-is-layout-flow\">\n<figure class=\"wp-block-image size-large\"><img loading=\"lazy\" decoding=\"async\" width=\"1024\" height=\"576\" src=\"http:\/\/atelier-poterie.com\/wp-content\/uploads\/2021\/01\/essssssssssai1-1024x576.jpg\" alt=\"\" class=\"wp-image-25\" srcset=\"https:\/\/atelier-poterie.com\/wp-content\/uploads\/2021\/01\/essssssssssai1-1024x576.jpg 1024w, https:\/\/atelier-poterie.com\/wp-content\/uploads\/2021\/01\/essssssssssai1-300x169.jpg 300w, https:\/\/atelier-poterie.com\/wp-content\/uploads\/2021\/01\/essssssssssai1-150x84.jpg 150w, https:\/\/atelier-poterie.com\/wp-content\/uploads\/2021\/01\/essssssssssai1-768x432.jpg 768w, https:\/\/atelier-poterie.com\/wp-content\/uploads\/2021\/01\/essssssssssai1-1536x864.jpg 1536w, https:\/\/atelier-poterie.com\/wp-content\/uploads\/2021\/01\/essssssssssai1-2048x1152.jpg 2048w, https:\/\/atelier-poterie.com\/wp-content\/uploads\/2021\/01\/essssssssssai1-648x365.jpg 648w, https:\/\/atelier-poterie.com\/wp-content\/uploads\/2021\/01\/essssssssssai1-341x192.jpg 341w\" sizes=\"auto, (max-width: 1024px) 100vw, 1024px\" \/><\/figure>\n\n\n\n<p><a href=\"http:\/\/atelier-poterie.com\/index.php\/prestations\/\" data-type=\"page\" data-id=\"22\">PRESTATIONS<\/a><\/p>\n\n\n\n<p>Notre association accueille \u00e9galement les structures qui souhaitent d\u00e9velopper un projet personnel au sein de l\u2019atelier. Visite de l\u2019Atelier de Poterie, d\u00e9couverte du tournage, formation \u00e0 la poterie, session de modelage sur un th\u00e8me sp\u00e9cifique etc.<\/p>\n\n\n\n<p><a href=\"http:\/\/atelier-poterie.com\/index.php\/prestations\/\" data-type=\"page\" data-id=\"22\">LIRE LA SUITE<\/a><\/p>\n<\/div>\n<\/div>\n\n\n\n<p><\/p>\n","protected":false},"excerpt":{"rendered":"<p>Depuis maintenant plus de 40 ans, notre Atelier de Poterie accueille curieux et passionn\u00e9s de la terre pour transmettre ce savoir-faire ancestral. Tournage, modelage, \u00e9maillage, cuisson, autant d&rsquo;\u00e9tapes pour transformer la mati\u00e8re en une belle pi\u00e8ce de c\u00e9ramique ! N&rsquo;h\u00e9sitez pas \u00e0 jeter un coup d\u2019\u0153il \u00e0 nos cours hebdomadaires, nos stages ponctuels et contactez-nous &hellip; <a href=\"https:\/\/atelier-poterie.com\/\" class=\"more-link\">Continuer la lecture de <span class=\"screen-reader-text\"><\/span><\/a><\/p>\n","protected":false},"author":1,"featured_media":39,"parent":0,"menu_order":0,"comment_status":"closed","ping_status":"closed","template":"","meta":{"footnotes":""},"class_list":["post-36","page","type-page","status-publish","has-post-thumbnail","hentry"],"jetpack_sharing_enabled":true,"_links":{"self":[{"href":"https:\/\/atelier-poterie.com\/index.php\/wp-json\/wp\/v2\/pages\/36","targetHints":{"allow":["GET"]}}],"collection":[{"href":"https:\/\/atelier-poterie.com\/index.php\/wp-json\/wp\/v2\/pages"}],"about":[{"href":"https:\/\/atelier-poterie.com\/index.php\/wp-json\/wp\/v2\/types\/page"}],"author":[{"embeddable":true,"href":"https:\/\/atelier-poterie.com\/index.php\/wp-json\/wp\/v2\/users\/1"}],"replies":[{"embeddable":true,"href":"https:\/\/atelier-poterie.com\/index.php\/wp-json\/wp\/v2\/comments?post=36"}],"version-history":[{"count":15,"href":"https:\/\/atelier-poterie.com\/index.php\/wp-json\/wp\/v2\/pages\/36\/revisions"}],"predecessor-version":[{"id":146,"href":"https:\/\/atelier-poterie.com\/index.php\/wp-json\/wp\/v2\/pages\/36\/revisions\/146"}],"wp:featuredmedia":[{"embeddable":true,"href":"https:\/\/atelier-poterie.com\/index.php\/wp-json\/wp\/v2\/media\/39"}],"wp:attachment":[{"href":"https:\/\/atelier-poterie.com\/index.php\/wp-json\/wp\/v2\/media?parent=36"}],"curies":[{"name":"wp","href":"https:\/\/api.w.org\/{rel}","templated":true}]}}