{"id":34,"date":"2021-01-12T20:06:59","date_gmt":"2021-01-12T19:06:59","guid":{"rendered":"http:\/\/atelier-poterie.com\/?page_id=34"},"modified":"2025-12-12T21:21:48","modified_gmt":"2025-12-12T20:21:48","slug":"contact","status":"publish","type":"page","link":"https:\/\/atelier-poterie.com\/index.php\/contact\/","title":{"rendered":"Contact"},"content":{"rendered":"\n<p>Pour toute demande d&rsquo;informations, n&rsquo;h\u00e9sitez pas \u00e0 nous contacter par mail et nous nous ferons un plaisir de vous r\u00e9pondre !<\/p>\n\n\n\n<p>L&rsquo;Atelier de Poterie, 26 rue des Charrons, 80260 Villers-Bocage<br>T\u00e9l\u00e9phone: 06 23 60 83 44 &#8211; Mail: <a href=\"mailto:atelierdepoterie80@gmail.com\">atelierdepoterie80@gmail.com<\/a><\/p>\n\n\n\n<p>Horaires d&rsquo;ouverture:<br><strong>Mar:  14h-21h  (sauf de 17h \u00e0 18h)<br>Mer: 14h-21h   (sauf de 17h \u00e0 18h)<br>Jeu: 14h-21h   (sauf de 17h \u00e0 18h)<br>Ven: 18h-21h<\/strong><\/p>\n\n\n\n<p>Horaires variables lors des vacances scolaires<\/p>\n","protected":false},"excerpt":{"rendered":"<p>Pour toute demande d&rsquo;informations, n&rsquo;h\u00e9sitez pas \u00e0 nous contacter par mail et nous nous ferons un plaisir de vous r\u00e9pondre ! L&rsquo;Atelier de Poterie, 26 rue des Charrons, 80260 Villers-BocageT\u00e9l\u00e9phone: 06 23 60 83 44 &#8211; Mail: atelierdepoterie80@gmail.com Horaires d&rsquo;ouverture:Mar: 14h-21h (sauf de 17h \u00e0 18h)Mer: 14h-21h (sauf de 17h \u00e0 18h)Jeu: 14h-21h (sauf de &hellip; <a href=\"https:\/\/atelier-poterie.com\/index.php\/contact\/\" class=\"more-link\">Continuer la lecture de <span class=\"screen-reader-text\">Contact<\/span><\/a><\/p>\n","protected":false},"author":1,"featured_media":0,"parent":0,"menu_order":2,"comment_status":"closed","ping_status":"closed","template":"","meta":{"footnotes":""},"class_list":["post-34","page","type-page","status-publish","hentry"],"jetpack_sharing_enabled":true,"_links":{"self":[{"href":"https:\/\/atelier-poterie.com\/index.php\/wp-json\/wp\/v2\/pages\/34","targetHints":{"allow":["GET"]}}],"collection":[{"href":"https:\/\/atelier-poterie.com\/index.php\/wp-json\/wp\/v2\/pages"}],"about":[{"href":"https:\/\/atelier-poterie.com\/index.php\/wp-json\/wp\/v2\/types\/page"}],"author":[{"embeddable":true,"href":"https:\/\/atelier-poterie.com\/index.php\/wp-json\/wp\/v2\/users\/1"}],"replies":[{"embeddable":true,"href":"https:\/\/atelier-poterie.com\/index.php\/wp-json\/wp\/v2\/comments?post=34"}],"version-history":[{"count":4,"href":"https:\/\/atelier-poterie.com\/index.php\/wp-json\/wp\/v2\/pages\/34\/revisions"}],"predecessor-version":[{"id":236,"href":"https:\/\/atelier-poterie.com\/index.php\/wp-json\/wp\/v2\/pages\/34\/revisions\/236"}],"wp:attachment":[{"href":"https:\/\/atelier-poterie.com\/index.php\/wp-json\/wp\/v2\/media?parent=34"}],"curies":[{"name":"wp","href":"https:\/\/api.w.org\/{rel}","templated":true}]}}