{"id":32,"date":"2021-01-12T20:05:33","date_gmt":"2021-01-12T19:05:33","guid":{"rendered":"http:\/\/atelier-poterie.com\/?page_id=32"},"modified":"2025-12-12T21:11:19","modified_gmt":"2025-12-12T20:11:19","slug":"a-propos","status":"publish","type":"page","link":"https:\/\/atelier-poterie.com\/index.php\/a-propos\/","title":{"rendered":"\u00c0 propos"},"content":{"rendered":"\n<p>La cr\u00e9ation de L&rsquo;Atelier de poterie remonte \u00e0 1979, \u00e0 Bertangles. Depuis 44 ans, notre association a pour vocation de <strong>faire d\u00e9couvrir l&rsquo;art de la c\u00e9ramique sous toutes ses formes<\/strong>.<\/p>\n\n\n\n<p>La vie de l&rsquo;Atelier est rythm\u00e9e chaque semaine par des cours hebdomadaires et des stages ponctuels (le weekend ou pendant les vacances). <strong>Toutes les activit\u00e9s sont encadr\u00e9es par Youna Chegrani, notre animatrice<\/strong>. Diff\u00e9rentes pratiques sont abord\u00e9es, tournage, modelage, \u00e9maillage, cuissons.<\/p>\n\n\n\n<p>L&rsquo;Atelier de Poterie est ouvert \u00e0 tous, adulte comme enfant, que vous soyez d\u00e9butant ou plus exp\u00e9riment\u00e9 ! <strong>Venez d\u00e9couvrir le contact de la terre, le plaisir de fa\u00e7onner un objet et lib\u00e9rez ainsi votre cr\u00e9ativit\u00e9<\/strong>.<\/p>\n\n\n\n<p>Chaque ann\u00e9e,<strong> notre association organise un March\u00e9 Potier durant lequel se retrouvent une quinzaine d&rsquo;artisans venus pr\u00e9senter leurs cr\u00e9ations<\/strong>. Cette manifestation a lieu chaque 1er weekend de d\u00e9cembre \u00e0 Villers Bocage. Elle permet de mettre en lumi\u00e8re des potiers de d&rsquo;horizons divers et de promouvoir l&rsquo;Art C\u00e9ramique.<\/p>\n\n\n\n<p><strong>Au del\u00e0 d&rsquo;un simple lieu d&rsquo;apprentissage, L&rsquo;Atelier de Poterie est un lieu convivial, un moment de parenth\u00e8se o\u00f9 chacun est libre de donner forme \u00e0 ses id\u00e9es !<\/strong><\/p>\n\n\n\n<hr class=\"wp-block-separator has-css-opacity\"\/>\n","protected":false},"excerpt":{"rendered":"<p>La cr\u00e9ation de L&rsquo;Atelier de poterie remonte \u00e0 1979, \u00e0 Bertangles. Depuis 44 ans, notre association a pour vocation de faire d\u00e9couvrir l&rsquo;art de la c\u00e9ramique sous toutes ses formes. La vie de l&rsquo;Atelier est rythm\u00e9e chaque semaine par des cours hebdomadaires et des stages ponctuels (le weekend ou pendant les vacances). Toutes les activit\u00e9s &hellip; <a href=\"https:\/\/atelier-poterie.com\/index.php\/a-propos\/\" class=\"more-link\">Continuer la lecture de <span class=\"screen-reader-text\">\u00c0 propos<\/span><\/a><\/p>\n","protected":false},"author":1,"featured_media":0,"parent":0,"menu_order":0,"comment_status":"closed","ping_status":"closed","template":"","meta":{"footnotes":""},"class_list":["post-32","page","type-page","status-publish","hentry"],"jetpack_sharing_enabled":true,"_links":{"self":[{"href":"https:\/\/atelier-poterie.com\/index.php\/wp-json\/wp\/v2\/pages\/32","targetHints":{"allow":["GET"]}}],"collection":[{"href":"https:\/\/atelier-poterie.com\/index.php\/wp-json\/wp\/v2\/pages"}],"about":[{"href":"https:\/\/atelier-poterie.com\/index.php\/wp-json\/wp\/v2\/types\/page"}],"author":[{"embeddable":true,"href":"https:\/\/atelier-poterie.com\/index.php\/wp-json\/wp\/v2\/users\/1"}],"replies":[{"embeddable":true,"href":"https:\/\/atelier-poterie.com\/index.php\/wp-json\/wp\/v2\/comments?post=32"}],"version-history":[{"count":5,"href":"https:\/\/atelier-poterie.com\/index.php\/wp-json\/wp\/v2\/pages\/32\/revisions"}],"predecessor-version":[{"id":232,"href":"https:\/\/atelier-poterie.com\/index.php\/wp-json\/wp\/v2\/pages\/32\/revisions\/232"}],"wp:attachment":[{"href":"https:\/\/atelier-poterie.com\/index.php\/wp-json\/wp\/v2\/media?parent=32"}],"curies":[{"name":"wp","href":"https:\/\/api.w.org\/{rel}","templated":true}]}}