{"id":29,"date":"2021-01-12T20:01:56","date_gmt":"2021-01-12T19:01:56","guid":{"rendered":"http:\/\/atelier-poterie.com\/?page_id=29"},"modified":"2025-12-12T21:00:47","modified_gmt":"2025-12-12T20:00:47","slug":"stages","status":"publish","type":"page","link":"https:\/\/atelier-poterie.com\/index.php\/stages\/","title":{"rendered":"Stages"},"content":{"rendered":"\n<p>Plusieurs stages sont organis\u00e9s tout au long de l&rsquo;ann\u00e9e: Tournage, Modelage, Enfumage, D\u00e9couverte, Enfants, Parents-Enfants, Cuisson Raku, D\u00e9cors.<\/p>\n\n\n\n<p><strong>Le temps d&rsquo;un weekend, ou sur une journ\u00e9e, venez d\u00e9couvrir le travail de la terre, approfondir vos connaissances ou exp\u00e9rimenter de nouvelles techniques<\/strong> !<\/p>\n\n\n\n<!--more-->\n\n\n\n<hr class=\"wp-block-separator has-css-opacity\"\/>\n\n\n\n<h2 class=\"wp-block-heading\">BON CADEAU<\/h2>\n\n\n\n<p>Si vous souhaitez faire un cadeau, cliquez sur le lien ci-dessous selon votre choix<\/p>\n\n\n\n<p><strong>Bon cadeau <\/strong> <a href=\"https:\/\/www.helloasso.com\/associations\/atelier-de-poterie\/evenements\/bon-cadeau-stage-decouverte\">Stage D\u00e9couverte<\/a>  70 \u20ac (comprenant le stage , l&rsquo;adh\u00e9sion, la carte cadeau et les frais postaux)<\/p>\n\n\n\n<p><strong>Bon cadeau<\/strong> <a href=\"https:\/\/www.helloasso.com\/associations\/atelier-de-poterie\/evenements\/bon-cadeau-stage-tournage\">Stage Tournage<\/a> 150\u20ac (comprenant le stage , l&rsquo;adh\u00e9sion, la carte cadeau et les frais postaux)<\/p>\n\n\n\n<p>N&rsquo;h\u00e9sitez pas \u00e0 communiquer de pr\u00e9f\u00e9rence par mail pour de plus amples renseignements ou pour un bon cadeau pour d&rsquo;autres stages.<\/p>\n\n\n\n<p><strong>Pour participer aux activit\u00e9s organis\u00e9es par l\u2019Atelier de Poterie, vous devez adh\u00e9rer \u00e0 notre association.<\/strong> Cliquez pour&nbsp;<a href=\"https:\/\/www.helloasso.com\/associations\/atelier-de-poterie\/adhesions\/adhesion-familiale-atelier-de-poterie-2026\">L\u2019adh\u00e9sion annuelle<\/a> de 12\u20ac (valable de janvier \u00e0 janvier).<\/p>\n\n\n\n<h1 class=\"wp-block-heading\">PROGRAMME  DES STAGES  2026<\/h1>\n\n\n\n<p>En cliquant sur le lien du stage choisi, vous passez sur le site s\u00e9curis\u00e9 Helloasso. Vous avez alors le descriptif du stage et l&rsquo;acc\u00e8s au paiement.<\/p>\n\n\n\n<p><strong>17 et 18 janvier   <\/strong><a href=\"https:\/\/www.helloasso.com\/associations\/atelier-de-poterie\/evenements\/stage-tournage-17-et-18-janvier-2026\">Stage tournage<\/a> &nbsp; <strong>135 \u20ac<\/strong><\/p>\n\n\n\n<p><strong>31 janvier  <\/strong> <a href=\"https:\/\/www.helloasso.com\/associations\/atelier-de-poterie\/evenements\/stage-decouverte-31-janvier-2026\">Stage d\u00e9couverte&nbsp;1\/2j&nbsp;<\/a>&nbsp; &nbsp; &nbsp; <strong>55 \u20ac<\/strong><\/p>\n\n\n\n<p><strong>18 et 19 f\u00e9vrier <\/strong> <a href=\"https:\/\/www.helloasso.com\/associations\/atelier-de-poterie\/evenements\/stage-enfants-18-et-19-fevrier-2026\">Stage enfants<\/a><a href=\"https:\/\/sites.google.com\/view\/descriptif-stage-enfant\/accueil\"> <\/a> <strong>60 \u20ac<\/strong><\/p>\n\n\n\n<p><strong>7 mars<\/strong> Stage <a href=\"https:\/\/www.helloasso.com\/associations\/atelier-de-poterie\/evenements\/decors-sur-terre-crue\">D\u00e9cor sur terre crue<\/a>  <strong>95 \u20ac<\/strong><\/p>\n\n\n\n<p><strong>14 et 15 mars   <\/strong><a href=\"https:\/\/www.helloasso.com\/associations\/atelier-de-poterie\/evenements\/stage-tournage-14-et-15-mars-2026\">Stage tournage<\/a> &nbsp; <strong>135 \u20ac<\/strong><\/p>\n\n\n\n<p><strong>21 mars<\/strong>  <a href=\"https:\/\/www.helloasso.com\/associations\/atelier-de-poterie\/evenements\/stage-enfumage\">Stage enfumage<\/a>      <strong>80<\/strong> <strong>\u20ac<\/strong><\/p>\n\n\n\n<p><strong>28 mars  <\/strong> <a href=\"https:\/\/www.helloasso.com\/associations\/atelier-de-poterie\/evenements\/stage-decouverte-28-mars-2026\">Stage d\u00e9couverte&nbsp;1\/2j&nbsp;<\/a>&nbsp; &nbsp; &nbsp; <strong>55 \u20ac<\/strong><\/p>\n\n\n\n<p>4 avril   <a href=\"https:\/\/www.helloasso.com\/associations\/atelier-de-poterie\/evenements\/stage-modelage\">Stage modelage<\/a>    95<strong>\u20ac<\/strong><\/p>\n\n\n\n<p><strong>18 et 19 avril   <\/strong><a href=\"https:\/\/www.helloasso.com\/associations\/atelier-de-poterie\/evenements\/stage-tournage-18-et-19-avril-2026\">Stage tournage<\/a> &nbsp; <strong>135 \u20ac<\/strong><\/p>\n\n\n\n<p><strong>30 et 31 mai   <\/strong><a href=\"https:\/\/www.helloasso.com\/associations\/atelier-de-poterie\/evenements\/stage-tournage-30-et-31-mai-2026\">Stage tournage<\/a> &nbsp; <strong>135 \u20ac<\/strong><\/p>\n\n\n\n<p><strong>6 juin<\/strong> <a href=\"https:\/\/www.helloasso.com\/associations\/atelier-de-poterie\/evenements\/stage-raku-6-juin-2026\">cuisson raku<\/a> 95<strong>\u20ac<\/strong><\/p>\n\n\n\n<p><strong>13 juin  <\/strong> <a href=\"https:\/\/www.helloasso.com\/associations\/atelier-de-poterie\/evenements\/stage-decouverte-13-juin-2026\">Stage d\u00e9couverte&nbsp;1\/2j<\/a>&nbsp;&nbsp; &nbsp; &nbsp; <strong>55 \u20ac<\/strong><\/p>\n\n\n\n<p><strong>20<\/strong> <strong>juin<\/strong>  <a href=\"https:\/\/www.helloasso.com\/associations\/atelier-de-poterie\/evenements\/stage-enfumage-20-juin-2026\">Stage enfumage<\/a>      <strong>80<\/strong> <strong>\u20ac<\/strong><\/p>\n\n\n\n<p><strong>4 juillet<\/strong>  <a href=\"https:\/\/www.helloasso.com\/associations\/atelier-de-poterie\/evenements\/stage-raku-4-juillet-2026\">cuisson raku<\/a> 95<strong>\u20ac<\/strong><\/p>\n\n\n\n<p><strong>8 et 9 juillet<\/strong> <a href=\"https:\/\/www.helloasso.com\/associations\/atelier-de-poterie\/evenements\/stage-enfants-8-et-9-juillet-2026\">Stage enfants<\/a> <strong>60 \u20ac<\/strong><\/p>\n\n\n\n<p><strong>26 et 27 ao\u00fbt<\/strong> <a href=\"https:\/\/www.helloasso.com\/associations\/atelier-de-poterie\/evenements\/stage-parents-enfants-26-et-27-aout-2026\">stage parents-enfants<\/a>  60<strong>\u20ac<\/strong><\/p>\n\n\n\n<p><strong>12 et 13 septembre  <\/strong><a href=\"https:\/\/www.helloasso.com\/associations\/atelier-de-poterie\/evenements\/stage-tournage-12-et-13-septembre-2026\">Stage tournage <\/a>&nbsp; <strong>135 \u20ac<\/strong><\/p>\n\n\n\n<p><strong>26 septembre  <\/strong> <a href=\"https:\/\/www.helloasso.com\/associations\/atelier-de-poterie\/evenements\/stage-decouverte-26-septembre-2026\">Stage d\u00e9couverte&nbsp;1\/2j&nbsp;<\/a>&nbsp; &nbsp; &nbsp; <strong>55 \u20ac<\/strong><\/p>\n\n\n\n<hr class=\"wp-block-separator has-css-opacity\"\/>\n\n\n\n<p>Nous pouvons organiser des stages \u00e0 la carte, s\u00e9minaire d&rsquo;entreprise, EVJF&#8230;.Nous contacter pour un devis.<\/p>\n","protected":false},"excerpt":{"rendered":"<p>Plusieurs stages sont organis\u00e9s tout au long de l&rsquo;ann\u00e9e: Tournage, Modelage, Enfumage, D\u00e9couverte, Enfants, Parents-Enfants, Cuisson Raku, D\u00e9cors. Le temps d&rsquo;un weekend, ou sur une journ\u00e9e, venez d\u00e9couvrir le travail de la terre, approfondir vos connaissances ou exp\u00e9rimenter de nouvelles techniques !<\/p>\n","protected":false},"author":1,"featured_media":31,"parent":0,"menu_order":0,"comment_status":"closed","ping_status":"closed","template":"","meta":{"footnotes":""},"class_list":["post-29","page","type-page","status-publish","has-post-thumbnail","hentry"],"jetpack_sharing_enabled":true,"_links":{"self":[{"href":"https:\/\/atelier-poterie.com\/index.php\/wp-json\/wp\/v2\/pages\/29","targetHints":{"allow":["GET"]}}],"collection":[{"href":"https:\/\/atelier-poterie.com\/index.php\/wp-json\/wp\/v2\/pages"}],"about":[{"href":"https:\/\/atelier-poterie.com\/index.php\/wp-json\/wp\/v2\/types\/page"}],"author":[{"embeddable":true,"href":"https:\/\/atelier-poterie.com\/index.php\/wp-json\/wp\/v2\/users\/1"}],"replies":[{"embeddable":true,"href":"https:\/\/atelier-poterie.com\/index.php\/wp-json\/wp\/v2\/comments?post=29"}],"version-history":[{"count":67,"href":"https:\/\/atelier-poterie.com\/index.php\/wp-json\/wp\/v2\/pages\/29\/revisions"}],"predecessor-version":[{"id":230,"href":"https:\/\/atelier-poterie.com\/index.php\/wp-json\/wp\/v2\/pages\/29\/revisions\/230"}],"wp:featuredmedia":[{"embeddable":true,"href":"https:\/\/atelier-poterie.com\/index.php\/wp-json\/wp\/v2\/media\/31"}],"wp:attachment":[{"href":"https:\/\/atelier-poterie.com\/index.php\/wp-json\/wp\/v2\/media?parent=29"}],"curies":[{"name":"wp","href":"https:\/\/api.w.org\/{rel}","templated":true}]}}