{"id":18,"date":"2021-01-12T19:52:35","date_gmt":"2021-01-12T18:52:35","guid":{"rendered":"http:\/\/atelier-poterie.com\/?page_id=18"},"modified":"2025-11-27T19:48:15","modified_gmt":"2025-11-27T18:48:15","slug":"marche-potier","status":"publish","type":"page","link":"https:\/\/atelier-poterie.com\/index.php\/marche-potier\/","title":{"rendered":"March\u00e9 potier"},"content":{"rendered":"\n<p>La 46\u00e8me \u00e9dition de notre march\u00e9 potier se tiendra les 6 et 7 d\u00e9cembre 2025 et ce, dans la magnifique salle des associations de VILLERS-BOCAGE baptis\u00e9e la salle d&rsquo;Aulne qui est situ\u00e9e au 9 rue Neuve. Nous esp\u00e9rons vous y voir nombreux.<\/p>\n\n\n\n<p>Chaque ann\u00e9e, l&rsquo;Atelier de Poterie invite des c\u00e9ramistes venus de toute la France pour l\u2019unique march\u00e9 de potiers de la Somme.<\/p>\n\n\n\n<p>Venir au March\u00e9, c\u2019est d\u00e9couvrir l\u2019art de la terre et du feu d\u00e9clin\u00e9 sous diff\u00e9rentes techniques et approches&nbsp;: gr\u00e8s \u00e9maill\u00e9, porcelaine, raku, sculptures.<\/p>\n\n\n\n<p>Dans une ambiance conviviale et riche en \u00e9changes, les potiers vous accueilleront et proposeront leurs cr\u00e9ations d\u2019objets utilitaires ou d\u00e9coratifs, autant d\u2019occasions de se faire plaisir et faire plaisir.<\/p>\n\n\n\n<p>L\u2019Atelier de Poterie vous y pr\u00e9sentera ses activit\u00e9s, ouvertes aux adultes et aux jeunes. Nous vous y d\u00e9taillerons  le calendrier de stages de l&rsquo;ann\u00e9e \u00e0 venir ; encore une occasion de se faire plaisir en offrant du stage cr\u00e9atif.<\/p>\n\n\n\n<p>L\u2019accueil du public a lieu chaque ann\u00e9e sur le 1er week-end du mois de d\u00e9cembre.<\/p>\n\n\n\n<p>Vous pouvez donc d&rsquo;ores et d\u00e9j\u00e0 cocher les dates suivantes dans votre agenda  :<\/p>\n\n\n\n<p><strong>Le samedi 6 d\u00e9cembre 2025 de 14h \u00e0 19h.<\/strong><br><strong>Et le dimanche 7 d\u00e9cembre 2025 de 10h \u00e0 18h.<\/strong><\/p>\n\n\n\n<figure class=\"wp-block-image size-full\"><img loading=\"lazy\" decoding=\"async\" width=\"977\" height=\"452\" src=\"https:\/\/atelier-poterie.com\/wp-content\/uploads\/2025\/11\/image.png\" alt=\"\" class=\"wp-image-198\" srcset=\"https:\/\/atelier-poterie.com\/wp-content\/uploads\/2025\/11\/image.png 977w, https:\/\/atelier-poterie.com\/wp-content\/uploads\/2025\/11\/image-300x139.png 300w, https:\/\/atelier-poterie.com\/wp-content\/uploads\/2025\/11\/image-150x69.png 150w, https:\/\/atelier-poterie.com\/wp-content\/uploads\/2025\/11\/image-768x355.png 768w, https:\/\/atelier-poterie.com\/wp-content\/uploads\/2025\/11\/image-648x300.png 648w, https:\/\/atelier-poterie.com\/wp-content\/uploads\/2025\/11\/image-415x192.png 415w\" sizes=\"auto, (max-width: 977px) 100vw, 977px\" \/><\/figure>\n\n\n\n<p><\/p>\n\n\n\n<p>Pour les potiers int\u00e9ress\u00e9s, n&rsquo;h\u00e9sitez pas \u00e0 nous contacter sur le mail de l&rsquo;atelier pour que nous vous envoyions un dossier de candidature.<\/p>\n\n\n\n<p>La s\u00e9lection de l&rsquo;ann\u00e9e 2024 :<\/p>\n\n\n\n<p><\/p>\n\n\n\n<p><\/p>\n\n\n\n<ul class=\"wp-block-list\">\n<li><a href=\"http:\/\/www.chemindelapotiere.com\" data-type=\"link\" data-id=\"http:\/\/www.chemindelapotiere.com\">BOUZAR Leila<\/a><\/li>\n\n\n\n<li><a href=\"https:\/\/amandinebrunetceramique.com\/\" data-type=\"link\" data-id=\"https:\/\/amandinebrunetceramique.com\/\">BRUNET Amandine<\/a><\/li>\n\n\n\n<li><a href=\"https:\/\/www.google.com\/search?client=firefox-b-d&amp;q=coulon+pierre+olivier&amp;dlnr=1&amp;sei=dmweZ9v9HayKkdUP9peVKQ\" data-type=\"link\" data-id=\"https:\/\/www.google.com\/search?client=firefox-b-d&amp;q=coulon+pierre+olivier&amp;dlnr=1&amp;sei=dmweZ9v9HayKkdUP9peVKQ\">COULON Pierre-Olivier<\/a><\/li>\n\n\n\n<li><a href=\"https:\/\/www.instagram.com\/sabine.ceramique\/\" data-type=\"link\" data-id=\"https:\/\/www.instagram.com\/sabine.ceramique\/\">DE LIGNY Sabine<\/a><\/li>\n\n\n\n<li><a href=\"https:\/\/www.instagram.com\/elizeducange\/\" data-type=\"link\" data-id=\"https:\/\/www.instagram.com\/elizeducange\/\">DUCANGE Elize<\/a><\/li>\n\n\n\n<li><a href=\"https:\/\/www.instagram.com\/pauline.gallier_\/\" data-type=\"link\" data-id=\"https:\/\/www.instagram.com\/pauline.gallier_\/\">GALLIER Pauline<\/a><\/li>\n\n\n\n<li>GARBEZ Sylvie<\/li>\n\n\n\n<li><a href=\"https:\/\/www.instagram.com\/aire.gouttallikmets\/?hl=fr\" data-type=\"link\" data-id=\"https:\/\/www.instagram.com\/aire.gouttallikmets\/?hl=fr\">GOUTT ALLIKMETS Aire<\/a><\/li>\n\n\n\n<li><a href=\"https:\/\/www.instagram.com\/ceram.ik\/?hl=fr\" target=\"_blank\" rel=\"noreferrer noopener\">KIMENEAU LAUTIER Isabelle<\/a><\/li>\n\n\n\n<li><a href=\"https:\/\/www.cm-marne.fr\/francoise_laporta\/\">LAPORTA Fran\u00e7oise<\/a><\/li>\n\n\n\n<li><a href=\"https:\/\/france3-regions.francetvinfo.fr\/hauts-de-france\/somme\/portrait-marie-paule-maunier-artisan-verrier-1376757.html\">MAUNIER Marie-Paule<\/a><\/li>\n\n\n\n<li><a href=\"https:\/\/dominique-mercier-ceramiste.com\/Atelier.html\">MERCIER Dominique<\/a><\/li>\n\n\n\n<li><a href=\"https:\/\/www.helnaceramics.com\/\">PALL H\u00e9l\u00e8ne<\/a><\/li>\n\n\n\n<li><a href=\"https:\/\/www.potier-ceramiste-oise.com\/laurent-salomon\/\" target=\"_blank\" rel=\"noreferrer noopener\">SALOMON Laurent<\/a><\/li>\n\n\n\n<li><a href=\"https:\/\/marie-samson.com\/\">SAMSON Marie<\/a><\/li>\n\n\n\n<li><a href=\"https:\/\/www.faience-ponchon.com\/\" target=\"_blank\" rel=\"noreferrer noopener\">SOBCZAK Caroline<\/a><\/li>\n<\/ul>\n\n\n\n<p>La s\u00e9lection de l&rsquo;ann\u00e9e 2023 :<\/p>\n\n\n\n<ul class=\"wp-block-list\">\n<li><a href=\"https:\/\/www.facebook.com\/kikosara.bazzano\">BAZZANO<\/a> <a href=\"https:\/\/www.facebook.com\/kikosara.bazzano\" target=\"_blank\" rel=\"noreferrer noopener\">KIKKO Sara<\/a><\/li>\n\n\n\n<li><a href=\"https:\/\/www.somme-tourisme.com\/caty-bieuville-ceramiste\/villers-carbonnel\/degpic080fs00086\" target=\"_blank\" rel=\"noreferrer noopener\">BIEUVILLE Caty<\/a><\/li>\n\n\n\n<li><a href=\"https:\/\/laurebruas.com\/\" target=\"_blank\" rel=\"noreferrer noopener\">BRUAS Laure<\/a><\/li>\n\n\n\n<li><a href=\"https:\/\/touterre.com\/presentation-des-ceramistes\/de-ligny-sabine\/\" target=\"_blank\" rel=\"noreferrer noopener\">DE LIGNY Sabine<\/a><\/li>\n\n\n\n<li><a href=\"https:\/\/www.lamontagne.fr\/benevent-l-abbaye-23210\/loisirs\/les-oiseaux-donnent-des-ailes-a-yann-dupont-photographe-animalier-sculpteur-et-ceramiste-en-creuse_14107395\/\" target=\"_blank\" rel=\"noreferrer noopener\">DUPONT Yann<\/a><\/li>\n\n\n\n<li><a href=\"https:\/\/eliseevdceramiste.jimdofree.com\/\" target=\"_blank\" rel=\"noreferrer noopener\">EVRARD Elise<\/a><\/li>\n\n\n\n<li><a href=\"https:\/\/poterieseinomarine.fr\/porcelaine\/\" target=\"_blank\" rel=\"noreferrer noopener\">FOURNIER Marie-Claire<\/a><\/li>\n\n\n\n<li>GALLIER Pauline<\/li>\n\n\n\n<li><a href=\"https:\/\/www.instagram.com\/herlinsandrine\/?hl=fr\" target=\"_blank\" rel=\"noreferrer noopener\">HERLIN Sandrine<\/a><\/li>\n\n\n\n<li><a href=\"https:\/\/www.instagram.com\/ceram.ik\/?hl=fr\" target=\"_blank\" rel=\"noreferrer noopener\">KIMENEAU LAUTIER Isabelle<\/a><\/li>\n\n\n\n<li><a href=\"http:\/\/www.jlceramique.com\/\" target=\"_blank\" rel=\"noreferrer noopener\">LEBBIHI Julien<\/a><\/li>\n\n\n\n<li><a rel=\"noreferrer noopener\" href=\"https:\/\/www.facebook.com\/poteriemadretierra\/\" target=\"_blank\">MANTILLA Delphine<\/a><\/li>\n\n\n\n<li><a href=\"https:\/\/www.potier-ceramiste-oise.com\/laurent-salomon\/\" target=\"_blank\" rel=\"noreferrer noopener\">SALOMON Laurent<\/a><\/li>\n\n\n\n<li><a href=\"https:\/\/www.lasourcefrancaise.com\/fabricants\/969\" target=\"_blank\" rel=\"noreferrer noopener\">SERGENT mathilde<\/a><\/li>\n\n\n\n<li><a rel=\"noreferrer noopener\" href=\"https:\/\/www.faience-ponchon.com\/\" target=\"_blank\">SOBCZAK Caroline<\/a><\/li>\n\n\n\n<li><a href=\"https:\/\/www.instagram.com\/potiergaucher\/\" target=\"_blank\" rel=\"noreferrer noopener\">VIALLE Pascal<\/a><\/li>\n\n\n\n<li><a href=\"https:\/\/www.facebook.com\/laurezurcherpotiere\/?locale=fr_FR\" target=\"_blank\" rel=\"noreferrer noopener\">ZURCHER Laure<\/a><\/li>\n<\/ul>\n\n\n\n<p><\/p>\n\n\n\n<p>La s\u00e9lection de l&rsquo;ann\u00e9e 2022 :<\/p>\n\n\n\n<ul class=\"wp-block-list\">\n<li><a href=\"https:\/\/www.somme-tourisme.com\/caty-bieuville-ceramiste\/villers-carbonnel\/degpic080fs00086\">BIEUVILLE Caty<\/a><\/li>\n\n\n\n<li><a href=\"https:\/\/www.instagram.com\/vaillantbalthazar\/\">BALTHAZAR-VAILLANT Nathalie<\/a><\/li>\n\n\n\n<li><a href=\"https:\/\/www.facebook.com\/kikosara.bazzano\">BAZZANO KIKKO Sara<\/a><\/li>\n\n\n\n<li><a href=\"https:\/\/laurebruas.com\/\">BRUAS Laure<\/a><\/li>\n\n\n\n<li><a href=\"https:\/\/www.faunesauvage.fr\/fsartiste\/demova-diana\">DEMOVA Diana<\/a><\/li>\n\n\n\n<li><a href=\"https:\/\/www.lamontagne.fr\/benevent-l-abbaye-23210\/loisirs\/les-oiseaux-donnent-des-ailes-a-yann-dupont-photographe-animalier-sculpteur-et-ceramiste-en-creuse_14107395\/\">DUPONT Yann<\/a><\/li>\n\n\n\n<li><a href=\"https:\/\/eliseevdceramiste.jimdofree.com\/\">EVRARD Elise<\/a><\/li>\n\n\n\n<li><a href=\"https:\/\/poterieseinomarine.fr\/porcelaine\/\">FOURNIER Marie-Claire<\/a><\/li>\n\n\n\n<li>GARBEZ-GODFRYD Sylvie<\/li>\n\n\n\n<li><a href=\"https:\/\/www.instagram.com\/herlinsandrine\/?hl=fr\">HERLIN Sandrine<\/a><\/li>\n\n\n\n<li><a href=\"https:\/\/www.cm-marne.fr\/francoise_laporta\/\">LAPORTA Fran\u00e7oise<\/a><\/li>\n\n\n\n<li><a href=\"https:\/\/www.instagram.com\/l.ceramiques\/?hl=fr\">LHOTE Laurence<\/a><\/li>\n\n\n\n<li><a href=\"https:\/\/www.facebook.com\/poteriemadretierra\/\" target=\"_blank\" rel=\"noreferrer noopener\">MANTILLA Delphine<\/a><\/li>\n\n\n\n<li><a href=\"https:\/\/france3-regions.francetvinfo.fr\/hauts-de-france\/somme\/portrait-marie-paule-maunier-artisan-verrier-1376757.html\">MAUNIER Marie-Paule<\/a><\/li>\n\n\n\n<li><a href=\"https:\/\/dominique-mercier-ceramiste.com\/Atelier.html\">MERCIER Dominique<\/a><\/li>\n\n\n\n<li><a href=\"https:\/\/www.helnaceramics.com\/\">PALL H\u00e9l\u00e8ne<\/a><\/li>\n\n\n\n<li><a href=\"https:\/\/touterre.com\/presentation-des-ceramistes\/pizette-aubry-josiane\/\">PIZETTE-AUBRY Josiane<\/a><\/li>\n\n\n\n<li><a href=\"https:\/\/marie-samson.com\/\">SAMSON Marie<\/a><\/li>\n<\/ul>\n\n\n\n<p><\/p>\n\n\n\n<p>La s\u00e9lection de l&rsquo;ann\u00e9e 2021 :<\/p>\n\n\n\n<figure class=\"wp-block-image size-large\"><img loading=\"lazy\" decoding=\"async\" width=\"1024\" height=\"497\" src=\"http:\/\/atelier-poterie.com\/wp-content\/uploads\/2021\/10\/image-1024x497.png\" alt=\"\" class=\"wp-image-103\" srcset=\"https:\/\/atelier-poterie.com\/wp-content\/uploads\/2021\/10\/image-1024x497.png 1024w, https:\/\/atelier-poterie.com\/wp-content\/uploads\/2021\/10\/image-300x146.png 300w, https:\/\/atelier-poterie.com\/wp-content\/uploads\/2021\/10\/image-150x73.png 150w, https:\/\/atelier-poterie.com\/wp-content\/uploads\/2021\/10\/image-768x373.png 768w, https:\/\/atelier-poterie.com\/wp-content\/uploads\/2021\/10\/image-1536x745.png 1536w, https:\/\/atelier-poterie.com\/wp-content\/uploads\/2021\/10\/image-648x314.png 648w, https:\/\/atelier-poterie.com\/wp-content\/uploads\/2021\/10\/image-396x192.png 396w, https:\/\/atelier-poterie.com\/wp-content\/uploads\/2021\/10\/image.png 2011w\" sizes=\"auto, (max-width: 1024px) 100vw, 1024px\" \/><\/figure>\n\n\n\n<ul class=\"wp-block-list\">\n<li><a rel=\"noreferrer noopener\" href=\"https:\/\/www.coodemarrage.com\/entrepreneurs\/heloise-batty\/\" target=\"_blank\">BATTY Elo\u00efse<\/a><\/li>\n\n\n\n<li><a href=\"https:\/\/www.kikoceramica.net\/sara-bazzano\">BAZZANO Sara-Kiko<\/a><\/li>\n\n\n\n<li><a href=\"https:\/\/www.camillecampignion.com\/\">CAMPIGNION Camille<\/a><\/li>\n\n\n\n<li><a href=\"http:\/\/www.agathe-ceramiste.com\/\">CLAQUIN Agathe<\/a><\/li>\n\n\n\n<li><a href=\"https:\/\/fr-fr.facebook.com\/louisedefente\/\">DEFENTE Louise<\/a><\/li>\n\n\n\n<li><a href=\"https:\/\/touterre.com\/ceramistes\/presentation-des-ceramistes\/fournier-claire-marie\">FOURNIER Claire-Marie<\/a><\/li>\n\n\n\n<li>GARBEZ GODFRYD Sylvie<\/li>\n\n\n\n<li><a rel=\"noreferrer noopener\" href=\"http:\/\/www.lecoindesceramistes.fr\/les-ceramistes\/parnom\/laporta_francoise\/index.htm\" target=\"_blank\">LAPORTA Fran\u00e7oise<\/a><\/li>\n\n\n\n<li><a rel=\"noreferrer noopener\" href=\"https:\/\/www.instagram.com\/l.ceramiques\/?hl=fr\" target=\"_blank\">LHOTE Laurence<\/a><\/li>\n\n\n\n<li><a rel=\"noreferrer noopener\" href=\"https:\/\/emmanuellemanche.fr\/\" target=\"_blank\">MANCHE Emmanuelle<\/a><\/li>\n\n\n\n<li><a href=\"https:\/\/atelierverreetcompagnie.com\/\">MAUNIER Marie-Paule<\/a><\/li>\n\n\n\n<li><a rel=\"noreferrer noopener\" href=\"http:\/\/dominique-mercier-ceramiste.com\/Atelier.html\" target=\"_blank\">MERCIER Dominique<\/a><\/li>\n\n\n\n<li><a rel=\"noreferrer noopener\" href=\"https:\/\/www.helnaceramics.com\/\" target=\"_blank\">PALL H\u00e9l\u00e8ne<\/a><\/li>\n\n\n\n<li><a rel=\"noreferrer noopener\" href=\"https:\/\/touterre.com\/ceramistes\/presentation-des-ceramistes\/pizette-josiane\" target=\"_blank\">PIZETTE AUBRY Josiane<\/a><\/li>\n\n\n\n<li><a href=\"https:\/\/marie-samson.com\/\">SAMSON Marie<\/a><\/li>\n\n\n\n<li><a href=\"https:\/\/www.potier-ceramiste-oise.com\/caroline-sobczak\/\">SOBCZAK Caroline <\/a><\/li>\n<\/ul>\n\n\n\n<p><\/p>\n\n\n\n<p>La s\u00e9lection 2021 a donn\u00e9 la priorit\u00e9 aux potiers s\u00e9lectionn\u00e9s en 2020, \u00e9dition qui n&rsquo;avait pu finalement avoir lieu en raison du contexte sanitaire difficile.<\/p>\n\n\n\n<p>La s\u00e9lection de l&rsquo;ann\u00e9e 2020 :<\/p>\n\n\n\n<ul class=\"wp-block-list\">\n<li><a href=\"https:\/\/www.coodemarrage.com\/entrepreneurs\/heloise-batty\/\" target=\"_blank\" rel=\"noreferrer noopener\">BATTY Elo\u00efse<\/a><\/li>\n\n\n\n<li><a href=\"https:\/\/www.kikoceramica.net\/sara-bazzano\">BAZZANO Sara-Kiko<\/a><\/li>\n\n\n\n<li><a href=\"https:\/\/www.camillecampignion.com\/\">CAMPIGNION Camille<\/a><\/li>\n\n\n\n<li><a href=\"http:\/\/www.agathe-ceramiste.com\/\">CLAQUIN Agathe<\/a><\/li>\n\n\n\n<li><a href=\"https:\/\/fr-fr.facebook.com\/louisedefente\/\">DEFENTE Louise<\/a><\/li>\n\n\n\n<li><a href=\"https:\/\/touterre.com\/ceramistes\/presentation-des-ceramistes\/fournier-claire-marie\">FOURNIER Claire-Marie<\/a><\/li>\n\n\n\n<li><a href=\"http:\/\/www.lecoindesceramistes.fr\/les-ceramistes\/parnom\/laporta_francoise\/index.htm\" target=\"_blank\" rel=\"noreferrer noopener\">LAPORTA Fran\u00e7oise<\/a><\/li>\n\n\n\n<li><a href=\"https:\/\/www.instagram.com\/l.ceramiques\/?hl=fr\" target=\"_blank\" rel=\"noreferrer noopener\">LHOTE Laurence<\/a><\/li>\n\n\n\n<li><a href=\"https:\/\/emmanuellemanche.fr\/\" target=\"_blank\" rel=\"noreferrer noopener\">MANCHE Emmanuelle<\/a><\/li>\n\n\n\n<li><a href=\"http:\/\/dominique-mercier-ceramiste.com\/Atelier.html\" target=\"_blank\" rel=\"noreferrer noopener\">MERCIER Dominique<\/a><\/li>\n\n\n\n<li><a href=\"https:\/\/www.helnaceramics.com\/\" target=\"_blank\" rel=\"noreferrer noopener\">PALL H\u00e9l\u00e8ne<\/a><\/li>\n\n\n\n<li><a href=\"https:\/\/touterre.com\/ceramistes\/presentation-des-ceramistes\/pizette-josiane\" target=\"_blank\" rel=\"noreferrer noopener\">PIZETTE Josiane<\/a><\/li>\n\n\n\n<li><a href=\"https:\/\/www.artisanart.com\/fr\/la-maladresse\" target=\"_blank\" rel=\"noreferrer noopener\">POIVET Elise<\/a><\/li>\n\n\n\n<li>SALOMON Laurent<\/li>\n\n\n\n<li><a href=\"https:\/\/mariesamson45.wixsite.com\/mariesamsonceramiste\" target=\"_blank\" rel=\"noreferrer noopener\">SAMSON Marie<\/a><\/li>\n\n\n\n<li><a href=\"https:\/\/www.potier-ceramiste-oise.com\/index.php\/caroline-sobczak.html\">SOBCZAK CAROLINE<\/a><\/li>\n\n\n\n<li><a href=\"https:\/\/www.facebook.com\/people\/Elisabetta-Vacca\/100014692128103?comment_id=Y29tbWVudDoxNTY3MjAxNTYzNDIwODk2XzE1Njc0NjI0MjAwNjE0Nzc%3D\" target=\"_blank\" rel=\"noreferrer noopener\">VACCA Elisabetta<\/a><\/li>\n<\/ul>\n\n\n\n<p><strong>Le March\u00e9 2019 :<\/strong><\/p>\n\n\n\n<figure class=\"wp-block-image size-large\"><img loading=\"lazy\" decoding=\"async\" width=\"945\" height=\"433\" src=\"http:\/\/atelier-poterie.com\/wp-content\/uploads\/2021\/01\/flyer-marchc3a9-dc3a9c-2019.jpg\" alt=\"\" class=\"wp-image-19\" srcset=\"https:\/\/atelier-poterie.com\/wp-content\/uploads\/2021\/01\/flyer-marchc3a9-dc3a9c-2019.jpg 945w, https:\/\/atelier-poterie.com\/wp-content\/uploads\/2021\/01\/flyer-marchc3a9-dc3a9c-2019-300x137.jpg 300w, https:\/\/atelier-poterie.com\/wp-content\/uploads\/2021\/01\/flyer-marchc3a9-dc3a9c-2019-150x69.jpg 150w, https:\/\/atelier-poterie.com\/wp-content\/uploads\/2021\/01\/flyer-marchc3a9-dc3a9c-2019-768x352.jpg 768w, https:\/\/atelier-poterie.com\/wp-content\/uploads\/2021\/01\/flyer-marchc3a9-dc3a9c-2019-648x297.jpg 648w, https:\/\/atelier-poterie.com\/wp-content\/uploads\/2021\/01\/flyer-marchc3a9-dc3a9c-2019-419x192.jpg 419w\" sizes=\"auto, (max-width: 945px) 100vw, 945px\" \/><\/figure>\n\n\n\n<p><strong>Le March\u00e9 2018 :<\/strong><\/p>\n\n\n\n<figure class=\"wp-block-image size-large\"><img loading=\"lazy\" decoding=\"async\" width=\"1024\" height=\"489\" src=\"http:\/\/atelier-poterie.com\/wp-content\/uploads\/2021\/01\/mp-e1541601646747-1024x489.png\" alt=\"\" class=\"wp-image-20\" srcset=\"https:\/\/atelier-poterie.com\/wp-content\/uploads\/2021\/01\/mp-e1541601646747-1024x489.png 1024w, https:\/\/atelier-poterie.com\/wp-content\/uploads\/2021\/01\/mp-e1541601646747-300x143.png 300w, https:\/\/atelier-poterie.com\/wp-content\/uploads\/2021\/01\/mp-e1541601646747-150x72.png 150w, https:\/\/atelier-poterie.com\/wp-content\/uploads\/2021\/01\/mp-e1541601646747-768x366.png 768w, https:\/\/atelier-poterie.com\/wp-content\/uploads\/2021\/01\/mp-e1541601646747-1536x733.png 1536w, https:\/\/atelier-poterie.com\/wp-content\/uploads\/2021\/01\/mp-e1541601646747-648x309.png 648w, https:\/\/atelier-poterie.com\/wp-content\/uploads\/2021\/01\/mp-e1541601646747-402x192.png 402w, https:\/\/atelier-poterie.com\/wp-content\/uploads\/2021\/01\/mp-e1541601646747.png 1576w\" sizes=\"auto, (max-width: 1024px) 100vw, 1024px\" \/><\/figure>\n","protected":false},"excerpt":{"rendered":"<p>La 46\u00e8me \u00e9dition de notre march\u00e9 potier se tiendra les 6 et 7 d\u00e9cembre 2025 et ce, dans la magnifique salle des associations de VILLERS-BOCAGE baptis\u00e9e la salle d&rsquo;Aulne qui est situ\u00e9e au 9 rue Neuve. Nous esp\u00e9rons vous y voir nombreux. Chaque ann\u00e9e, l&rsquo;Atelier de Poterie invite des c\u00e9ramistes venus de toute la France &hellip; <a href=\"https:\/\/atelier-poterie.com\/index.php\/marche-potier\/\" class=\"more-link\">Continuer la lecture de <span class=\"screen-reader-text\">March\u00e9 potier<\/span><\/a><\/p>\n","protected":false},"author":1,"featured_media":0,"parent":0,"menu_order":0,"comment_status":"closed","ping_status":"closed","template":"","meta":{"footnotes":""},"class_list":["post-18","page","type-page","status-publish","hentry"],"jetpack_sharing_enabled":true,"_links":{"self":[{"href":"https:\/\/atelier-poterie.com\/index.php\/wp-json\/wp\/v2\/pages\/18","targetHints":{"allow":["GET"]}}],"collection":[{"href":"https:\/\/atelier-poterie.com\/index.php\/wp-json\/wp\/v2\/pages"}],"about":[{"href":"https:\/\/atelier-poterie.com\/index.php\/wp-json\/wp\/v2\/types\/page"}],"author":[{"embeddable":true,"href":"https:\/\/atelier-poterie.com\/index.php\/wp-json\/wp\/v2\/users\/1"}],"replies":[{"embeddable":true,"href":"https:\/\/atelier-poterie.com\/index.php\/wp-json\/wp\/v2\/comments?post=18"}],"version-history":[{"count":16,"href":"https:\/\/atelier-poterie.com\/index.php\/wp-json\/wp\/v2\/pages\/18\/revisions"}],"predecessor-version":[{"id":199,"href":"https:\/\/atelier-poterie.com\/index.php\/wp-json\/wp\/v2\/pages\/18\/revisions\/199"}],"wp:attachment":[{"href":"https:\/\/atelier-poterie.com\/index.php\/wp-json\/wp\/v2\/media?parent=18"}],"curies":[{"name":"wp","href":"https:\/\/api.w.org\/{rel}","templated":true}]}}